{"id":247,"date":"2024-07-23T12:21:50","date_gmt":"2024-07-23T12:21:50","guid":{"rendered":"https:\/\/elrincondelalgar.com\/nosotros\/"},"modified":"2025-09-01T12:05:26","modified_gmt":"2025-09-01T12:05:26","slug":"nosotros","status":"publish","type":"page","link":"https:\/\/elrincondelalgar.com\/en\/nosotros\/","title":{"rendered":"Nosotros"},"content":{"rendered":"<section class=\"aboutus_9_1 background-1-light\" id=\"\"\r\n    original-block-id=\"block_ccf6abdd150703dbc85664ba02caea76\" data-block-id=\"69e16f89a44b069e16f89a44b2\" data-block-name=\"acf\/about-us-9-1\" data-post-id=\"247\" data-stable-id=\"block_ccf6abdd150703dbc85664ba02caea76\">\r\n    <div class=\"container\">\r\n        <div class=\"row\">\r\n            <div class=\"col\">\r\n                                                <div class=\"imagen\" data-aos=\"fade-right\">\r\n                    <img decoding=\"async\" src=\"https:\/\/elrincondelalgar.com\/wp-content\/uploads\/2025\/09\/1000279220-scaled.jpg\" alt=\"\" title=\"1000279220\">\r\n                <\/div>\r\n                \r\n                                <div class=\"right\" data-aos=\"fade-left\">\r\n                    <div class=\"wrapper\">\r\n                                                <h2 class=\"tamano3 color-1-headings-dark\">Descubre El Rinc\u00f3n de Algar: del huerto a tu mesa con n\u00edsperos, aguacates y pitayas. Cultivando tradici\u00f3n familiar con un toque ecol\u00f3gico y sostenible.<\/h2>\r\n                        \r\n                                                <div class=\"texto color-1-body-dark tamano7\"><p>\u00a1Hola, aventureros del sabor! Bienvenidos a El Rinc\u00f3n de Algar, donde la fruta es m\u00e1s divertida que nunca. Aqu\u00ed, en nuestro pedacito de para\u00edso, cultivamos frescura a manos llenas con n\u00edsperos que brillan como el sol, aguacates tan cremosos que dan abrazos y pitayas que parecen salidas de un cuento de hadas. En<\/p>\n<p>El Rinc\u00f3n de Algar, nos tomamos la ecolog\u00eda tan en serio como una buena risa.<\/p>\n<p>Nuestra empresa familiar se dedica a mimar cada \u00e1rbol, asegur\u00e1ndonos de que el viaje de nuestros frutos a tu mesa sea lo m\u00e1s corto y dulce posible: \u00a1kil\u00f3metro cero al rescate! \u00bfEst\u00e1s listo para saborear la diferencia?<\/p>\n<p>Nos encontrar\u00e1s cultivando la alegr\u00eda en cada bocado, ya sea que nos visites en persona o hagas tu pedido online. \u00a1Ven y descubre por qu\u00e9 ser verde nunca hab\u00eda sido tan divertido!<\/p>\n<\/div>\r\n                                                <div class=\"vermas tamano7 boton-4-texto-normal\">\r\n                            <span class=\"mas tamano7 boton-4-texto-normal\">Read more<\/span>\r\n                            <span class=\"menos hide tamano7 boton-4-texto-normal\">Read less<\/span>\r\n                            <svg width=\"13\" height=\"8\" viewBox=\"0 0 13 8\" fill=\"none\"\r\n                                xmlns=\"http:\/\/www.w3.org\/2000\/svg\">\r\n                                <path id=\"Vector 14\" d=\"M1 1L6.5 6.5L12 1\" stroke=\"#2B275C\" stroke-width=\"1.5\" \/>\r\n                            <\/svg>\r\n                        <\/div>\r\n                                                \r\n                                                    <a href=\"#\" target=\"\" class=\"btn-round tamano-7-mediumcta color-boton-1-texto-normal color-boton-1-texto-hover color-boton-1-normal color-boton-1-hover\">\r\n    \r\n    <span>Desc\u00fabrelo<\/span>\r\n<\/a>\r\n\r\n<style>\r\n    .btn-border-rounded {\r\n        border-radius: 12px !important;\r\n    }\r\n\r\n    .btn-border-square {\r\n        border-radius: 0 !important;\r\n    }\r\n\r\n    \/* Estilos de hover *\/\r\n    .btn-hover-hover1:hover {\r\n        filter: contrast(0.55);\r\n    }\r\n\r\n    .btn-hover-hover2:hover {\r\n        filter: sepia(2);\r\n    }\r\n\r\n    \/* Estilos del icono cuando existe *\/\r\n    a i {\r\n        margin-right: 8px;\r\n        font-size: 16px;\r\n    }\r\n\r\n    \/* Icono Lucide *\/\r\n    .btn-icon--lucide {\r\n        display: inline-flex;\r\n        align-items: center;\r\n        justify-content: center;\r\n        margin-right: 8px;\r\n    }\r\n\r\n    .btn-icon--lucide svg {\r\n        width: 16px;\r\n        height: 16px;\r\n        display: block;\r\n    }\r\n<\/style>\r\n                        \r\n                    <\/div>\r\n                <\/div>\r\n            <\/div>\r\n        <\/div>\r\n    <\/div>\r\n<\/section>\r\n<style>\r\n    .aboutus_9_1 .video {\r\n        width: 50%;\r\n    }\r\n\r\n    .aboutus_9_1 iframe {\r\n        width: 100%;\r\n        height: 100%;\r\n        min-height: 560px;\r\n    }\r\n\r\n    .aboutus_9_1 .vermas svg path {\r\n        stroke: var(--boton-4-texto-normal);\r\n    }\r\n\r\n    .aboutus_9_1 .vermas .hide {\r\n        display: none;\r\n    }\r\n\r\n    .aboutus_9_1 .vermas.show svg {\r\n        transform: rotate(180deg);\r\n    }\r\n\r\n    .aboutus_9_1 .vermas.show {\r\n        padding-top: 20px;\r\n    }\r\n\r\n    .aboutus_9_1 .vermas {\r\n        margin-left: 150px;\r\n        display: flex;\r\n        align-items: center;\r\n        gap: 10px;\r\n        cursor: pointer;\r\n    }\r\n\r\n    .aboutus_9_1 .vermas span {\r\n        font-weight: var(--tamano5-font-weight);\r\n    }\r\n\r\n    .aboutus_9_1 .right .btn-round {\r\n        margin-left: 150px;\r\n        margin-top: 44px;\r\n    }\r\n\r\n    .aboutus_9_1 .right .texto {\r\n        padding-left: 150px\r\n    }\r\n\r\n    .aboutus_9_1 .right {\r\n        max-width: 587px;\r\n        padding-top: 105px;\r\n    }\r\n\r\n    .aboutus_9_1 .right h2 {\r\n        padding-bottom: 45px;\r\n    }\r\n\r\n    .aboutus_9_1 .col .wrapper {\r\n        max-width: 587px;\r\n\r\n    }\r\n\r\n    .aboutus_9_1 .col {\r\n        display: flex;\r\n        width: 100%;\r\n        align-items: center;\r\n        justify-content: space-between;\r\n\r\n    }\r\n\r\n    .aboutus_9_1[original-block-id=\"block_ccf6abdd150703dbc85664ba02caea76\"] .col {\r\n            }\r\n\r\n    .aboutus_9_1 .col .imagen {\r\n        width: 50%;\r\n    }\r\n\r\n    .aboutus_9_1 .btn-round {\r\n        border-radius: 60px;\r\n        padding: 12px 25px;\r\n        display: inline-block;\r\n        min-width: 175px;\r\n        text-align: center;\r\n        text-decoration: none;\r\n    }\r\n\r\n    .aboutus_9_1 .right .texto *:last-child {\r\n        padding-bottom: 0;\r\n    }\r\n\r\n    .aboutus_9_1 .right .texto.show p:not(:first-child) {\r\n        display: block;\r\n    }\r\n\r\n    .aboutus_9_1 .right .texto p:not(:first-child) {\r\n        display: none;\r\n    }\r\n\r\n    .aboutus_9_1 .right .texto * {\r\n        padding-bottom: 20px;\r\n        font-size: inherit;\r\n        font-weight: inherit;\r\n        line-height: inherit;\r\n        letter-spacing: inherit;\r\n        font-family: inherit;\r\n    }\r\n\r\n    .aboutus_9_1 {\r\n        padding: 81px 0;\r\n        padding-left: 150px;\r\n        padding-right: 150px;\r\n        margin-top: -1px;\r\n    }\r\n\r\n    @media (max-width:1650px) {\r\n        .aboutus_9_1 .col {\r\n            gap: 100px;\r\n        }\r\n    }\r\n\r\n    @media (max-width:1550px) {\r\n        .aboutus_9_1 {\r\n            padding-left: 0;\r\n            padding-right: 0;\r\n        }\r\n    }\r\n\r\n    @media (max-width:1300px) {\r\n        .aboutus_9_1 .col {\r\n            gap: 30px;\r\n        }\r\n\r\n        .aboutus_9_1 .right {\r\n            padding-top: 0;\r\n        }\r\n    }\r\n\r\n    @media (max-width:1200px) {\r\n        .aboutus_9_1 .col {\r\n            flex-direction: column-reverse;\r\n        }\r\n\r\n        .aboutus_9_1 .right,\r\n        .aboutus_9_1 .col .wrapper {\r\n            max-width: 100%;\r\n        }\r\n\r\n        .aboutus_9_1 .col .imagen {\r\n            width: 100%;\r\n        }\r\n    }\r\n\r\n    @media (max-width:992px) {\r\n        .aboutus_9_1 .right .texto {\r\n            padding-left: 50px;\r\n        }\r\n\r\n        .aboutus_9_1 .right .btn-round,\r\n        .aboutus_9_1 .vermas {\r\n            margin-left: 50px;\r\n        }\r\n\r\n        .aboutus_9_1 {\r\n            padding: 40px 0;\r\n        }\r\n\r\n        .aboutus_9_1 .video {\r\n            width: 100%;\r\n        }\r\n\r\n        .aboutus_9_1 iframe {\r\n            min-height: 475px;\r\n        }\r\n    }\r\n\r\n    @media (max-width:768px) {\r\n        .aboutus_9_1 h2 {\r\n            line-height: var(--tamano5-line-height);\r\n        }\r\n\r\n        .aboutus_9_1 .col {\r\n            flex-direction: column;\r\n        }\r\n\r\n        .aboutus_9_1 .right h2 {\r\n            padding-bottom: 20px;\r\n        }\r\n\r\n        .aboutus_9_1 .right .btn-round,\r\n        .aboutus_9_1 .vermas {\r\n            margin-left: 30px;\r\n        }\r\n\r\n        .aboutus_9_1 .vermas {\r\n            width: max-content;\r\n        }\r\n\r\n        .aboutus_9_1 .right .texto {\r\n            padding-left: 30px;\r\n        }\r\n\r\n        .aboutus_9_1 .right .btn-round {\r\n            margin-top: 30px;\r\n        }\r\n\r\n        .aboutus_9_1 iframe {\r\n            min-height: 310px;\r\n        }\r\n    }\r\n<\/style>\r\n<script>\r\n    jQuery(document).ready(function() {\r\n        jQuery('.aboutus_9_1 .vermas').off('click').on('click', function(event) {\r\n            event.stopPropagation(); \/\/ Previene que el evento se propague m\u00e1s de lo necesario\r\n\r\n            var section = jQuery(this).closest('.aboutus_9_1'); \/\/ Encuentra la secci\u00f3n m\u00e1s cercana\r\n\r\n\r\n            section.find('.texto').toggleClass('show'); \/\/ Alterna la visibilidad del texto\r\n            jQuery(this).toggleClass('show'); \/\/ Alterna la clase solo en el bot\u00f3n clicado\r\n            jQuery(this).find('span').toggleClass('hide'); \/\/ Alterna \"Leer m\u00e1s\" y \"Leer menos\"\r\n        });\r\n    });\r\n<\/script>\r\n\n\n<section class=\"maps_2_2 background-1-dark\" id=\"maps-2-2\" data-block-id=\"69e16f89a980069e16f89a9802\" data-block-name=\"acf\/maps-2-2\" data-post-id=\"247\" data-stable-id=\"block_72cdaa5b5071aa13f8cf10c5f4d6a2f9\">\n                        <iframe src=\"https:\/\/www.google.com\/maps\/embed?pb=!1m18!1m12!1m3!1d6231.855681848591!2d-0.1288813039812419!3d38.65053948711089!2m3!1f0!2f0!3f0!3m2!1i1024!2i768!4f13.1!3m3!1m2!1s0xd62029d00986c1f%3A0xe3ec35499773fa40!2s03510%20Callosa%20de%20Ensarri%C3%A1%2C%20Alicante!5e0!3m2!1ses!2ses!4v1749641250065!5m2!1ses!2ses\" width=\"600\" height=\"450\" style=\"border:0;\" allowfullscreen=\"\" loading=\"lazy\" referrerpolicy=\"no-referrer-when-downgrade\"><\/iframe>            <\/section>\n<style>\n    .maps_2_2 iframe {\n        width: 100%;\n        height: 490px;\n    }\n\n    .maps_2_2 {\n        padding: 81px 0;\n        position: relative;\n        z-index: 1;\n    }\n\n    @media (max-width:992px) {\n        .maps_2_2 iframe {\n            height: 350px;\n        }\n\n        .maps_2_2 {\n            padding: 40px 0;\n        }\n    }\n\n    .maps_2_2 img.capture {\n        width: 100%;\n    }\n\n    .maps_2_2 #maps_2_2 {\n        width: 100%;\n        height: 490px;\n    }\n\n    .maps_2_2 #maps_2_2 .leaflet-popup-content {\n\n        font-size: var(--tamano7-font-size);\n        font-weight: var(--tamano7-font-weight);\n        line-height: var(--tamano7-line-height);\n        letter-spacing: var(--tamano7-letter-spacing);\n        font-family: var(--tamano7-font-family);\n    }\n<\/style>\n\n","protected":false},"excerpt":{"rendered":"","protected":false},"author":2,"featured_media":0,"parent":0,"menu_order":0,"comment_status":"open","ping_status":"closed","template":"","meta":{"_acf_changed":false,"iawp_total_views":1,"footnotes":""},"class_list":["post-247","page","type-page","status-publish","hentry"],"acf":[],"yoast_head":"<!-- This site is optimized with the Yoast SEO plugin v27.4 - https:\/\/yoast.com\/product\/yoast-seo-wordpress\/ -->\n<title>Lorem Ipsum - El Rinc\u00f3n de Algar<\/title>\n<meta name=\"description\" content=\"Descubre en El Rinc\u00f3n de Algar contenidos \u00fanicos sobre lorem ipsum. Explora art\u00edculos y consejos dise\u00f1ados para enriquecer tu conocimiento.\" \/>\n<meta name=\"robots\" content=\"index, follow, max-snippet:-1, max-image-preview:large, max-video-preview:-1\" \/>\n<link rel=\"canonical\" href=\"https:\/\/elrincondelalgar.com\/en\/nosotros\/\" \/>\n<meta property=\"og:locale\" content=\"en_US\" \/>\n<meta property=\"og:type\" content=\"article\" \/>\n<meta property=\"og:title\" content=\"Lorem Ipsum - El Rinc\u00f3n de Algar\" \/>\n<meta property=\"og:description\" content=\"Descubre en El Rinc\u00f3n de Algar contenidos \u00fanicos sobre lorem ipsum. Explora art\u00edculos y consejos dise\u00f1ados para enriquecer tu conocimiento.\" \/>\n<meta property=\"og:url\" content=\"https:\/\/elrincondelalgar.com\/en\/nosotros\/\" \/>\n<meta property=\"og:site_name\" content=\"El Rinc\u00f3n de Algar\" \/>\n<meta property=\"article:modified_time\" content=\"2025-09-01T12:05:26+00:00\" \/>\n<meta name=\"twitter:card\" content=\"summary_large_image\" \/>\n<!-- \/ Yoast SEO plugin. -->","yoast_head_json":{"title":"Lorem Ipsum - El Rinc\u00f3n de Algar","description":"Descubre en El Rinc\u00f3n de Algar contenidos \u00fanicos sobre lorem ipsum. Explora art\u00edculos y consejos dise\u00f1ados para enriquecer tu conocimiento.","robots":{"index":"index","follow":"follow","max-snippet":"max-snippet:-1","max-image-preview":"max-image-preview:large","max-video-preview":"max-video-preview:-1"},"canonical":"https:\/\/elrincondelalgar.com\/en\/nosotros\/","og_locale":"en_US","og_type":"article","og_title":"Lorem Ipsum - El Rinc\u00f3n de Algar","og_description":"Descubre en El Rinc\u00f3n de Algar contenidos \u00fanicos sobre lorem ipsum. Explora art\u00edculos y consejos dise\u00f1ados para enriquecer tu conocimiento.","og_url":"https:\/\/elrincondelalgar.com\/en\/nosotros\/","og_site_name":"El Rinc\u00f3n de Algar","article_modified_time":"2025-09-01T12:05:26+00:00","twitter_card":"summary_large_image","schema":{"@context":"https:\/\/schema.org","@graph":[{"@type":"WebPage","@id":"https:\/\/elrincondelalgar.com\/en\/nosotros\/","url":"https:\/\/elrincondelalgar.com\/en\/nosotros\/","name":"Lorem Ipsum - El Rinc\u00f3n de Algar","isPartOf":{"@id":"https:\/\/elrincondelalgar.com\/en\/#website"},"datePublished":"2024-07-23T12:21:50+00:00","dateModified":"2025-09-01T12:05:26+00:00","description":"Descubre en El Rinc\u00f3n de Algar contenidos \u00fanicos sobre lorem ipsum. Explora art\u00edculos y consejos dise\u00f1ados para enriquecer tu conocimiento.","breadcrumb":{"@id":"https:\/\/elrincondelalgar.com\/en\/nosotros\/#breadcrumb"},"inLanguage":"en-US","potentialAction":[{"@type":"ReadAction","target":["https:\/\/elrincondelalgar.com\/en\/nosotros\/"]}]},{"@type":"BreadcrumbList","@id":"https:\/\/elrincondelalgar.com\/en\/nosotros\/#breadcrumb","itemListElement":[{"@type":"ListItem","position":1,"name":"Portada","item":"https:\/\/elrincondelalgar.com\/en\/"},{"@type":"ListItem","position":2,"name":"Nosotros"}]},{"@type":"WebSite","@id":"https:\/\/elrincondelalgar.com\/en\/#website","url":"https:\/\/elrincondelalgar.com\/en\/","name":"El Rinc\u00f3n de Algar","description":"","potentialAction":[{"@type":"SearchAction","target":{"@type":"EntryPoint","urlTemplate":"https:\/\/elrincondelalgar.com\/en\/?s={search_term_string}"},"query-input":{"@type":"PropertyValueSpecification","valueRequired":true,"valueName":"search_term_string"}}],"inLanguage":"en-US"}]}},"_links":{"self":[{"href":"https:\/\/elrincondelalgar.com\/en\/wp-json\/wp\/v2\/pages\/247","targetHints":{"allow":["GET"]}}],"collection":[{"href":"https:\/\/elrincondelalgar.com\/en\/wp-json\/wp\/v2\/pages"}],"about":[{"href":"https:\/\/elrincondelalgar.com\/en\/wp-json\/wp\/v2\/types\/page"}],"author":[{"embeddable":true,"href":"https:\/\/elrincondelalgar.com\/en\/wp-json\/wp\/v2\/users\/2"}],"replies":[{"embeddable":true,"href":"https:\/\/elrincondelalgar.com\/en\/wp-json\/wp\/v2\/comments?post=247"}],"version-history":[{"count":9,"href":"https:\/\/elrincondelalgar.com\/en\/wp-json\/wp\/v2\/pages\/247\/revisions"}],"predecessor-version":[{"id":570,"href":"https:\/\/elrincondelalgar.com\/en\/wp-json\/wp\/v2\/pages\/247\/revisions\/570"}],"wp:attachment":[{"href":"https:\/\/elrincondelalgar.com\/en\/wp-json\/wp\/v2\/media?parent=247"}],"curies":[{"name":"wp","href":"https:\/\/api.w.org\/{rel}","templated":true}]}}